{"id":4634,"date":"2023-01-17T22:46:10","date_gmt":"2023-01-17T22:46:10","guid":{"rendered":"https:\/\/www.fiberupir.com\/upir\/?post_type=product&#038;p=4634"},"modified":"2023-04-27T17:17:30","modified_gmt":"2023-04-27T22:17:30","slug":"tampico-fiber-fnb002","status":"publish","type":"product","link":"https:\/\/www.fiberupir.com\/upir\/product\/tampico-fiber-fnb002\/","title":{"rendered":"Tampico Fiber natural"},"content":{"rendered":"","protected":false},"excerpt":{"rendered":"<p><strong>upir102<\/strong><\/p>\n<p>DESCRIPCI\u00d3N: FIBRA DE IXTLE 100% natural, biodegradable, con cerdas suaves y una textura media, resistente al calor y a los qu\u00edmicos. Material apropiado para brochas, ropa, cuerdas, art\u00edculos para el hogar y Cepillos industriales para pulir metales, fierros, aluminio, madera, etc<\/p>\n","protected":false},"featured_media":4824,"comment_status":"closed","ping_status":"closed","template":"","meta":{"_uag_custom_page_level_css":"","site-sidebar-layout":"default","site-content-layout":"default","ast-global-header-display":"","ast-main-header-display":"","ast-hfb-above-header-display":"","ast-hfb-below-header-display":"","ast-hfb-mobile-header-display":"","site-post-title":"","ast-breadcrumbs-content":"","ast-featured-img":"","footer-sml-layout":"","theme-transparent-header-meta":"default","adv-header-id-meta":"","stick-header-meta":"","header-above-stick-meta":"","header-main-stick-meta":"","header-below-stick-meta":""},"product_cat":[22],"product_tag":[],"class_list":["post-4634","product","type-product","status-publish","has-post-thumbnail","hentry","product_cat-groceries","desktop-align-left","tablet-align-left","mobile-align-left"],"uagb_featured_image_src":{"full":["https:\/\/www.fiberupir.com\/upir\/wp-content\/uploads\/2023\/03\/FN_2-scaled.jpg",2560,1707,false],"thumbnail":["https:\/\/www.fiberupir.com\/upir\/wp-content\/uploads\/2023\/03\/FN_2-150x150.jpg",150,150,true],"medium":["https:\/\/www.fiberupir.com\/upir\/wp-content\/uploads\/2023\/03\/FN_2-300x200.jpg",300,200,true],"medium_large":["https:\/\/www.fiberupir.com\/upir\/wp-content\/uploads\/2023\/03\/FN_2-768x512.jpg",768,512,true],"large":["https:\/\/www.fiberupir.com\/upir\/wp-content\/uploads\/2023\/03\/FN_2-1024x683.jpg",1024,683,true],"1536x1536":["https:\/\/www.fiberupir.com\/upir\/wp-content\/uploads\/2023\/03\/FN_2-1536x1024.jpg",1536,1024,true],"2048x2048":["https:\/\/www.fiberupir.com\/upir\/wp-content\/uploads\/2023\/03\/FN_2-2048x1365.jpg",2048,1365,true],"woocommerce_thumbnail":["https:\/\/www.fiberupir.com\/upir\/wp-content\/uploads\/2023\/03\/FN_2-300x300.jpg",300,300,true],"woocommerce_single":["https:\/\/www.fiberupir.com\/upir\/wp-content\/uploads\/2023\/03\/FN_2-600x400.jpg",600,400,true],"woocommerce_gallery_thumbnail":["https:\/\/www.fiberupir.com\/upir\/wp-content\/uploads\/2023\/03\/FN_2-100x100.jpg",100,100,true]},"uagb_author_info":{"display_name":"admin","author_link":"https:\/\/www.fiberupir.com\/upir\/author\/"},"uagb_comment_info":0,"uagb_excerpt":"upir102 DESCRIPCI\u00d3N: FIBRA DE IXTLE 100% natural, biodegradable, con cerdas suaves y una textura media, resistente al calor y a los qu\u00edmicos. Material apropiado para brochas, ropa, cuerdas, art\u00edculos para el hogar y Cepillos industriales para pulir metales, fierros, aluminio, madera, etc","_links":{"self":[{"href":"https:\/\/www.fiberupir.com\/upir\/wp-json\/wp\/v2\/product\/4634","targetHints":{"allow":["GET"]}}],"collection":[{"href":"https:\/\/www.fiberupir.com\/upir\/wp-json\/wp\/v2\/product"}],"about":[{"href":"https:\/\/www.fiberupir.com\/upir\/wp-json\/wp\/v2\/types\/product"}],"replies":[{"embeddable":true,"href":"https:\/\/www.fiberupir.com\/upir\/wp-json\/wp\/v2\/comments?post=4634"}],"wp:featuredmedia":[{"embeddable":true,"href":"https:\/\/www.fiberupir.com\/upir\/wp-json\/wp\/v2\/media\/4824"}],"wp:attachment":[{"href":"https:\/\/www.fiberupir.com\/upir\/wp-json\/wp\/v2\/media?parent=4634"}],"wp:term":[{"taxonomy":"product_cat","embeddable":true,"href":"https:\/\/www.fiberupir.com\/upir\/wp-json\/wp\/v2\/product_cat?post=4634"},{"taxonomy":"product_tag","embeddable":true,"href":"https:\/\/www.fiberupir.com\/upir\/wp-json\/wp\/v2\/product_tag?post=4634"}],"curies":[{"name":"wp","href":"https:\/\/api.w.org\/{rel}","templated":true}]}}