{"id":3612,"date":"2020-09-09T04:31:48","date_gmt":"2020-09-09T04:31:48","guid":{"rendered":"https:\/\/www.fiberupir.com\/upir\/about\/"},"modified":"2023-04-27T16:33:31","modified_gmt":"2023-04-27T21:33:31","slug":"nosotros","status":"publish","type":"page","link":"https:\/\/www.fiberupir.com\/upir\/nosotros\/","title":{"rendered":"Nosotros"},"content":{"rendered":"\n<div class=\"wp-block-uagb-advanced-heading uagb-block-4385433f\"><h1 class=\"uagb-heading-text\">Sobre nosotros<br><\/h1><\/div>\n\n\n\n<div class=\"wp-block-uagb-advanced-heading uagb-block-3eaf1cc2\"><h3 class=\"uagb-heading-text\"><em>\u201cSoy ind\u00edgena, soy productor, soy de la uni\u00f3n de productores ind\u00edgenas del Valle del Mezquital, Reformando nuestra identidad ind\u00edgena.\u201d<\/em><\/h3><\/div>\n\n\n\n<div class=\"wp-block-uagb-container uagb-block-bf90758e alignfull uagb-is-root-container\"><div class=\"uagb-container__shape uagb-container__shape-top\"><svg xmlns=\"https:\/\/www.w3.org\/2000\/svg\" viewBox=\"0 0 1000 20\" preserveAspectRatio=\"none\"><path class=\"uagb-container__shape-fill\" d=\"M0,0v3c0,0,393.8,0,483.4,0c9.2,0,16.6,7.4,16.6,16.6c0-9.1,7.4-16.6,16.6-16.6C606.2,3,1000,3,1000,3V0H0z\"><\/path><\/svg><\/div><div class=\"uagb-container-inner-blocks-wrap\">\n<div class=\"wp-block-uagb-container uagb-block-30959de9\">\n<div class=\"wp-block-uagb-info-box uagb-block-31658654 uagb-infobox__content-wrap  uagb-infobox-icon-above-title uagb-infobox-image-valign-top\"><div class=\"uagb-ifb-content\"><div class=\"uagb-ifb-title-wrap\"><h2 class=\"uagb-ifb-title\">Antecedentes<\/h2><\/div><p class=\"uagb-ifb-desc\">La empresa UPIR del Valle de Mezquital, fue fundada por el licenciado Rub\u00e9n. Cansado de que pagaran a precios muy bajos y que no valoraran el arduo trabajo que realizaban cada uno de ellos, al ser tambi\u00e9n un productor de ixtle de lechuguillas pasaban muchas carencias junto a su familia, al sufrir y ver esta problem\u00e1tica, es como unos a\u00f1os despu\u00e9s decide emprender y formar a UPIR del Valle de Mezquital en el a\u00f1o 2008 por cuatro socios. En ese a\u00f1o iniciando s\u00f3lo con cinco productores de diferentes comunidades.<br><\/p><\/div><\/div>\n<\/div>\n\n\n\n<div class=\"wp-block-uagb-container uagb-block-9239f8ee\">\n<div class=\"wp-block-uagb-image uagb-block-642ac668 wp-block-uagb-image--layout-default wp-block-uagb-image--effect-zoomin wp-block-uagb-image--align-center\"><figure class=\"wp-block-uagb-image__figure\"><img decoding=\"async\" srcset=\"https:\/\/www.fiberupir.com\/upir\/wp-content\/uploads\/2023\/01\/img1-300x252.png \" src=\"https:\/\/www.fiberupir.com\/upir\/wp-content\/uploads\/2023\/01\/img1-300x252.png\" alt=\"\" class=\"uag-image-4550\" width=\"300\" height=\"252\" title=\"\" loading=\"lazy\"\/><\/figure><\/div>\n<\/div>\n<\/div><\/div>\n\n\n\n<div class=\"wp-block-uagb-container uagb-block-93e6e0e1 alignfull uagb-is-root-container\"><div class=\"uagb-container-inner-blocks-wrap\">\n<div class=\"wp-block-uagb-info-box uagb-block-16a3bc26 uagb-infobox__content-wrap  uagb-infobox-icon-above-title uagb-infobox-image-valign-top\"><div class=\"uagb-ifb-content\"><div class=\"uagb-ifb-title-wrap\"><\/div><p class=\"uagb-ifb-desc\">En febrero de 2012, realiza tr\u00e1mite ante SEMARNAT, y se autoriza el funcionamiento como centro de almacenamiento de materias primas, posteriormente se realiza los registros forestales.<br>Desde sus inicios realiz\u00f3 el aprovechamiento de lechuguilla, debido a que era una de las principales actividades econ\u00f3micas de la regi\u00f3n, posterior a ello, el representante legal decide realizar acopio de lechuguilla y vender est\u00e1, a empresas del norte del pa\u00eds, quienes compraban la lechuguilla pensando que era fibra de la regi\u00f3n de Zimap\u00e1n, debido a que a\u00f1os atr\u00e1s, un acopiador de ese municipio lleg\u00f3 ofreciendo fibra de calidad proveniente de la regi\u00f3n del Valle del Mezquital y Sierra Gorda. Gracias a la fama que ten\u00eda esta fibra en el norte del pa\u00eds, UPIR pudo comercializar gran cantidad de lechuguilla en gre\u00f1a, durante a\u00f1os se realiz\u00f3 la misma actividad, hasta que las empresas solicitaron un producto m\u00e1s atractivo para el mercado internacional, el ya conocido \u201cTampico Fiber\u201d (fibra alineada de ciertas medidas, empaquetada en rollos de papel), durante tres a\u00f1os realiz\u00f3 la venta de este producto en menor escala, debido a que todo el trabajo era manual.<br>Al paso del tiempo dicha empresa fue evolucionando, puesto que en 2015 se solicit\u00f3 un financiamiento para maquinaria y as\u00ed mejorar el proceso de producci\u00f3n, en el ixtle de lechuguilla, el cual ser\u00eda la transformaci\u00f3n a Tampico Fiber en nuevas maquinarias, solo con dos presentaciones (natural y cogollo).<br>En el a\u00f1o 2018 se implementan nuevos productos de Tampico Fiber, como son: Fibra blanqueada, natural, color negro y caf\u00e9.<br>En 2019 UPIR decide implementar redes sociales como: p\u00e1gina en Facebook y p\u00e1gina web, con el prop\u00f3sito de darse a conocer y generar m\u00e1s ventas.<br>Es as\u00ed como la empresa evoluciona, logrando en el a\u00f1o 2020, cinco presentaciones: Natural, blanqueada, caf\u00e9, cogollo, negra, en primera y segunda calidad.<br>Cabe mencionar que en el mismo a\u00f1o UPIR del Valle de Mezquital, S.C. de R.L. de C.V. logr\u00f3 hacer su exportaci\u00f3n a nivel internacional.<br>En la actualidad UPIR cuenta con m\u00e1s de 200 productores de ixtle de lechuguilla, cuenta con 40 trabajadores en planta para la producci\u00f3n de Tampico Fiber, para esta empresa los m\u00e1s esenciales son sus productores y trabajadores, contando con 12 a\u00f1os de experiencia en producci\u00f3n, transformaci\u00f3n y comercializaci\u00f3n, acat\u00e1ndose a las normas y lineamientos. Bajo el lema \u201csoy ind\u00edgena, soy productor, soy de la uni\u00f3n de productores ind\u00edgenas del Valle del Mezquital reformando nuestra identidad ind\u00edgena\u201d.<\/p><\/div><\/div>\n<\/div><\/div>\n\n\n\n<div class=\"wp-block-uagb-container uagb-block-1c2367e6 alignfull uagb-is-root-container\"><div class=\"uagb-container-inner-blocks-wrap\">\n<div class=\"wp-block-uagb-container uagb-block-9415b465\">\n<div class=\"wp-block-uagb-advanced-heading uagb-block-b0a0e915\"><h3 class=\"uagb-heading-text\">Numbers Speak For Themselves!<\/h3><\/div>\n<\/div>\n\n\n\n<div class=\"wp-block-uagb-container uagb-block-b0512d5f\">\n<div class=\"wp-block-uagb-advanced-heading uagb-block-39d09574\"><h2 class=\"uagb-heading-text\">5,000+<\/h2><p class=\"uagb-desc-text\">Curated Products<\/p><\/div>\n<\/div>\n\n\n\n<div class=\"wp-block-uagb-container uagb-block-941c0f20\">\n<div class=\"wp-block-uagb-advanced-heading uagb-block-524801fa\"><h2 class=\"uagb-heading-text\">800+<\/h2><p class=\"uagb-desc-text\">Curated Products<\/p><\/div>\n<\/div>\n\n\n\n<div class=\"wp-block-uagb-container uagb-block-eece6c96\">\n<div class=\"wp-block-uagb-advanced-heading uagb-block-daec6899\"><h2 class=\"uagb-heading-text\">40+<\/h2><p class=\"uagb-desc-text\">Curated Products<\/p><\/div>\n<\/div>\n<\/div><\/div>\n\n\n\n<div class=\"wp-block-uagb-container uagb-block-e6f1d172 alignfull uagb-is-root-container\"><div class=\"uagb-container-inner-blocks-wrap\">\n<div class=\"wp-block-uagb-container uagb-block-affc75d1\">\n<div class=\"wp-block-uagb-info-box uagb-block-d3bd81f0 uagb-infobox__content-wrap  uagb-infobox-icon-below-title uagb-infobox-image-valign-top\"><div class=\"uagb-ifb-content\"><div class=\"uagb-ifb-title-wrap\"><h3 class=\"uagb-ifb-title\">Misi\u00f3n<\/h3><\/div><div class=\"uagb-ifb-icon-wrap\"><svg xmlns=\"https:\/\/www.w3.org\/2000\/svg\" viewBox=\"0 0 576 512\"><path d=\"M509.5 .0234c-6.145 0-12.53 1.344-18.64 4.227c-44.11 20.86-76.81 27.94-104.1 27.94c-57.89 0-91.53-31.86-158.2-31.87C195 .3203 153.3 8.324 96 32.38V32c0-17.75-14.25-32-32-32S32 14.25 32 32L31.96 496c0 8.75 7.25 16 16 16H80C88.75 512 96 504.8 96 496V384c51.74-23.86 92.71-31.82 128.3-31.82c71.09 0 120.6 31.78 191.7 31.78c30.81 0 65.67-5.969 108.1-23.09C536.3 355.9 544 344.4 544 332.1V30.74C544 12.01 527.8 .0234 509.5 .0234zM480 141.8c-31.99 14.04-57.81 20.59-80 22.49v80.21c25.44-1.477 51.59-6.953 80-17.34V308.9c-22.83 7.441-43.93 11.08-64.03 11.08c-5.447 0-10.71-.4258-15.97-.8906V244.5c-4.436 .2578-8.893 .6523-13.29 .6523c-25.82 0-47.35-4.547-66.71-10.08v66.91c-23.81-6.055-50.17-11.41-80-12.98V213.1C236.2 213.7 232.5 213.3 228.5 213.3C208.8 213.3 185.1 217.7 160 225.1v69.1C139.2 299.4 117.9 305.8 96 314.4V250.7l24.77-10.39C134.8 234.5 147.6 229.9 160 225.1V143.4C140.9 148.5 120.1 155.2 96 165.3V101.8l24.77-10.39C134.8 85.52 147.6 80.97 160 77.02v66.41c26.39-6.953 49.09-10.17 68.48-10.16c4.072 0 7.676 .4453 11.52 .668V65.03C258.6 66.6 274.4 71.55 293.2 77.83C301.7 80.63 310.7 83.45 320 86.12v66.07c20.79 6.84 41.45 12.96 66.71 12.96c4.207 0 8.781-.4766 13.29-.8594V95.54c25.44-1.477 51.59-6.953 80-17.34V141.8zM240 133.9v80.04c18.61 1.57 34.37 6.523 53.23 12.8C301.7 229.6 310.7 232.4 320 235.1V152.2C296.1 144.3 271.6 135.8 240 133.9z\"><\/path><\/svg><\/div><p class=\"uagb-ifb-desc\">Somos una empresa dedicada a la producci\u00f3n, transformaci\u00f3n y comercializaci\u00f3n de ixtle de forma sustentable, conformado por productores ind\u00edgenas del Valle del Mezquital quienes son elementos esenciales para UPIR, ofreciendo al cliente un buen servicio, calidad y valor en nuestros productos.<\/p><\/div><\/div>\n<\/div>\n\n\n\n<div class=\"wp-block-uagb-container uagb-block-9ebdece8\">\n<div class=\"wp-block-uagb-info-box uagb-block-53684620 uagb-infobox__content-wrap  uagb-infobox-icon-below-title uagb-infobox-image-valign-top\"><div class=\"uagb-ifb-content\"><div class=\"uagb-ifb-title-wrap\"><h3 class=\"uagb-ifb-title\"><strong>Visi\u00f3n<\/strong><\/h3><\/div><div class=\"uagb-ifb-icon-wrap\"><svg xmlns=\"https:\/\/www.w3.org\/2000\/svg\" viewBox=\"0 0 576 512\"><path d=\"M279.6 160.4C282.4 160.1 285.2 160 288 160C341 160 384 202.1 384 256C384 309 341 352 288 352C234.1 352 192 309 192 256C192 253.2 192.1 250.4 192.4 247.6C201.7 252.1 212.5 256 224 256C259.3 256 288 227.3 288 192C288 180.5 284.1 169.7 279.6 160.4zM480.6 112.6C527.4 156 558.7 207.1 573.5 243.7C576.8 251.6 576.8 260.4 573.5 268.3C558.7 304 527.4 355.1 480.6 399.4C433.5 443.2 368.8 480 288 480C207.2 480 142.5 443.2 95.42 399.4C48.62 355.1 17.34 304 2.461 268.3C-.8205 260.4-.8205 251.6 2.461 243.7C17.34 207.1 48.62 156 95.42 112.6C142.5 68.84 207.2 32 288 32C368.8 32 433.5 68.84 480.6 112.6V112.6zM288 112C208.5 112 144 176.5 144 256C144 335.5 208.5 400 288 400C367.5 400 432 335.5 432 256C432 176.5 367.5 112 288 112z\"><\/path><\/svg><\/div><p class=\"uagb-ifb-desc\">Ser una empresa reconocida a nivel nacional e internacional por la calidad e innovaci\u00f3n en productos de ixtle, hecho por productores ind\u00edgenas.<\/p><\/div><\/div>\n<\/div>\n<\/div><\/div>\n\n\n\n<div class=\"wp-block-uagb-container uagb-block-6a330f45 alignfull uagb-is-root-container\"><div class=\"uagb-container-inner-blocks-wrap\">\n<div class=\"wp-block-uagb-container uagb-block-a1d662c8\">\n<h3 style=\"text-align: center;\">Organigrama<img loading=\"lazy\" decoding=\"async\" class=\"alignnone size-full wp-image-4879\" src=\"https:\/\/www.fiberupir.com\/upir\/wp-content\/uploads\/2023\/03\/Asamblea-general-de-socios.jpg\" alt=\"\" width=\"1024\" height=\"768\" srcset=\"https:\/\/www.fiberupir.com\/upir\/wp-content\/uploads\/2023\/03\/Asamblea-general-de-socios.jpg 1024w, https:\/\/www.fiberupir.com\/upir\/wp-content\/uploads\/2023\/03\/Asamblea-general-de-socios-300x225.jpg 300w, https:\/\/www.fiberupir.com\/upir\/wp-content\/uploads\/2023\/03\/Asamblea-general-de-socios-768x576.jpg 768w, https:\/\/www.fiberupir.com\/upir\/wp-content\/uploads\/2023\/03\/Asamblea-general-de-socios-600x450.jpg 600w\" sizes=\"auto, (max-width: 1024px) 100vw, 1024px\" \/><\/h3>\n<p><\/p>\n<\/div>\n<\/div><\/div>\n\n\n\n<div class=\"wp-block-uagb-container uagb-block-74afef52 alignfull uagb-is-root-container\"><div class=\"uagb-container-inner-blocks-wrap\">\n<div class=\"wp-block-uagb-container uagb-block-3ab0aaa0\">\n<figure class=\"wp-block-image size-full\"><img loading=\"lazy\" decoding=\"async\" width=\"800\" height=\"600\" src=\"https:\/\/www.fiberupir.com\/upir\/wp-content\/uploads\/2023\/01\/img47.jpg\" alt=\"\" class=\"wp-image-4811\" srcset=\"https:\/\/www.fiberupir.com\/upir\/wp-content\/uploads\/2023\/01\/img47.jpg 800w, https:\/\/www.fiberupir.com\/upir\/wp-content\/uploads\/2023\/01\/img47-300x225.jpg 300w, https:\/\/www.fiberupir.com\/upir\/wp-content\/uploads\/2023\/01\/img47-768x576.jpg 768w, https:\/\/www.fiberupir.com\/upir\/wp-content\/uploads\/2023\/01\/img47-600x450.jpg 600w\" sizes=\"auto, (max-width: 800px) 100vw, 800px\" \/><\/figure>\n\n\n\n<div class=\"wp-block-buttons is-content-justification-center is-layout-flex wp-container-core-buttons-is-layout-a89b3969 wp-block-buttons-is-layout-flex\">\n<div class=\"wp-block-button is-style-fill\"><a class=\"wp-block-button__link wp-element-button\">Proceso de tallado a mano<\/a><\/div>\n<\/div>\n<\/div>\n\n\n\n<div class=\"wp-block-uagb-container uagb-block-9995d6c8\">\n<div class=\"wp-block-uagb-container uagb-block-d8f1d08c\">\n<div class=\"wp-block-uagb-container uagb-block-31a20f97\">\n<h2 class=\"wp-block-heading\">Valores<\/h2>\n<\/div>\n<\/div>\n\n\n\n<div class=\"wp-block-uagb-container uagb-block-84e782ba alignfull uagb-is-root-container\"><div class=\"uagb-container-inner-blocks-wrap\">\n<div class=\"wp-block-uagb-icon-list uagb-block-ef9af9ac\"><div class=\"uagb-icon-list__wrap\">\n<div class=\"wp-block-uagb-icon-list-child uagb-block-2b01aa66\"><span class=\"uagb-icon-list__source-wrap\"><svg xmlns=\"https:\/\/www.w3.org\/2000\/svg\" viewBox=\"0 0 512 512\"><path d=\"M0 256C0 114.6 114.6 0 256 0C397.4 0 512 114.6 512 256C512 397.4 397.4 512 256 512C114.6 512 0 397.4 0 256zM371.8 211.8C382.7 200.9 382.7 183.1 371.8 172.2C360.9 161.3 343.1 161.3 332.2 172.2L224 280.4L179.8 236.2C168.9 225.3 151.1 225.3 140.2 236.2C129.3 247.1 129.3 264.9 140.2 275.8L204.2 339.8C215.1 350.7 232.9 350.7 243.8 339.8L371.8 211.8z\"><\/path><\/svg><\/span><span class=\"uagb-icon-list__label\">Honestidad<\/span><\/div>\n\n\n\n<div class=\"wp-block-uagb-icon-list-child uagb-block-5d7bc458\"><span class=\"uagb-icon-list__source-wrap\"><svg xmlns=\"https:\/\/www.w3.org\/2000\/svg\" viewBox=\"0 0 512 512\"><path d=\"M0 256C0 114.6 114.6 0 256 0C397.4 0 512 114.6 512 256C512 397.4 397.4 512 256 512C114.6 512 0 397.4 0 256zM371.8 211.8C382.7 200.9 382.7 183.1 371.8 172.2C360.9 161.3 343.1 161.3 332.2 172.2L224 280.4L179.8 236.2C168.9 225.3 151.1 225.3 140.2 236.2C129.3 247.1 129.3 264.9 140.2 275.8L204.2 339.8C215.1 350.7 232.9 350.7 243.8 339.8L371.8 211.8z\"><\/path><\/svg><\/span><span class=\"uagb-icon-list__label\">Respeto<\/span><\/div>\n\n\n\n<div class=\"wp-block-uagb-icon-list-child uagb-block-709a83b3\"><span class=\"uagb-icon-list__source-wrap\"><svg xmlns=\"https:\/\/www.w3.org\/2000\/svg\" viewBox=\"0 0 512 512\"><path d=\"M0 256C0 114.6 114.6 0 256 0C397.4 0 512 114.6 512 256C512 397.4 397.4 512 256 512C114.6 512 0 397.4 0 256zM371.8 211.8C382.7 200.9 382.7 183.1 371.8 172.2C360.9 161.3 343.1 161.3 332.2 172.2L224 280.4L179.8 236.2C168.9 225.3 151.1 225.3 140.2 236.2C129.3 247.1 129.3 264.9 140.2 275.8L204.2 339.8C215.1 350.7 232.9 350.7 243.8 339.8L371.8 211.8z\"><\/path><\/svg><\/span><span class=\"uagb-icon-list__label\">Responsabilidad<\/span><\/div>\n\n\n\n<div class=\"wp-block-uagb-icon-list-child uagb-block-df7456f8\"><span class=\"uagb-icon-list__source-wrap\"><svg xmlns=\"https:\/\/www.w3.org\/2000\/svg\" viewBox=\"0 0 512 512\"><path d=\"M0 256C0 114.6 114.6 0 256 0C397.4 0 512 114.6 512 256C512 397.4 397.4 512 256 512C114.6 512 0 397.4 0 256zM371.8 211.8C382.7 200.9 382.7 183.1 371.8 172.2C360.9 161.3 343.1 161.3 332.2 172.2L224 280.4L179.8 236.2C168.9 225.3 151.1 225.3 140.2 236.2C129.3 247.1 129.3 264.9 140.2 275.8L204.2 339.8C215.1 350.7 232.9 350.7 243.8 339.8L371.8 211.8z\"><\/path><\/svg><\/span><span class=\"uagb-icon-list__label\">Lealtad<\/span><\/div>\n<\/div><\/div>\n\n\n\n<div class=\"wp-block-uagb-icon-list uagb-block-2bb5de61\"><div class=\"uagb-icon-list__wrap\">\n<div class=\"wp-block-uagb-icon-list-child uagb-block-d9394bb1\"><span class=\"uagb-icon-list__source-wrap\"><svg xmlns=\"https:\/\/www.w3.org\/2000\/svg\" viewBox=\"0 0 512 512\"><path d=\"M0 256C0 114.6 114.6 0 256 0C397.4 0 512 114.6 512 256C512 397.4 397.4 512 256 512C114.6 512 0 397.4 0 256zM371.8 211.8C382.7 200.9 382.7 183.1 371.8 172.2C360.9 161.3 343.1 161.3 332.2 172.2L224 280.4L179.8 236.2C168.9 225.3 151.1 225.3 140.2 236.2C129.3 247.1 129.3 264.9 140.2 275.8L204.2 339.8C215.1 350.7 232.9 350.7 243.8 339.8L371.8 211.8z\"><\/path><\/svg><\/span><span class=\"uagb-icon-list__label\">Transparencia<\/span><\/div>\n\n\n\n<div class=\"wp-block-uagb-icon-list-child uagb-block-ecb0fca7\"><span class=\"uagb-icon-list__source-wrap\"><svg xmlns=\"https:\/\/www.w3.org\/2000\/svg\" viewBox=\"0 0 512 512\"><path d=\"M0 256C0 114.6 114.6 0 256 0C397.4 0 512 114.6 512 256C512 397.4 397.4 512 256 512C114.6 512 0 397.4 0 256zM371.8 211.8C382.7 200.9 382.7 183.1 371.8 172.2C360.9 161.3 343.1 161.3 332.2 172.2L224 280.4L179.8 236.2C168.9 225.3 151.1 225.3 140.2 236.2C129.3 247.1 129.3 264.9 140.2 275.8L204.2 339.8C215.1 350.7 232.9 350.7 243.8 339.8L371.8 211.8z\"><\/path><\/svg><\/span><span class=\"uagb-icon-list__label\">Igualdad<\/span><\/div>\n\n\n\n<div class=\"wp-block-uagb-icon-list-child uagb-block-60edb521\"><span class=\"uagb-icon-list__source-wrap\"><svg xmlns=\"https:\/\/www.w3.org\/2000\/svg\" viewBox=\"0 0 512 512\"><path d=\"M0 256C0 114.6 114.6 0 256 0C397.4 0 512 114.6 512 256C512 397.4 397.4 512 256 512C114.6 512 0 397.4 0 256zM371.8 211.8C382.7 200.9 382.7 183.1 371.8 172.2C360.9 161.3 343.1 161.3 332.2 172.2L224 280.4L179.8 236.2C168.9 225.3 151.1 225.3 140.2 236.2C129.3 247.1 129.3 264.9 140.2 275.8L204.2 339.8C215.1 350.7 232.9 350.7 243.8 339.8L371.8 211.8z\"><\/path><\/svg><\/span><span class=\"uagb-icon-list__label\">Solidaridad<\/span><\/div>\n<\/div><\/div>\n<\/div><\/div>\n<\/div>\n<\/div><\/div>\n\n\n","protected":false},"excerpt":{"rendered":"Sobre nosotros \u201cSoy ind\u00edgena, soy productor, soy de la uni\u00f3n de productores ind\u00edgenas del Valle del Mezquital, Reformando nuestra identidad ind\u00edgena.\u201d AntecedentesLa empresa UPIR del Valle de Mezquital, fue fundada por el licenciado Rub\u00e9n. Cansado de que pagaran a precios muy bajos y que no valoraran el arduo trabajo que realizaban cada uno de ellos, &hellip;<p class=\"read-more\"> <a class=\"\" href=\"https:\/\/www.fiberupir.com\/upir\/nosotros\/\"> <span class=\"screen-reader-text\">Nosotros<\/span> Leer m\u00e1s &raquo;<\/a><\/p>","protected":false},"author":1,"featured_media":0,"parent":0,"menu_order":0,"comment_status":"closed","ping_status":"closed","template":"","meta":{"_uag_custom_page_level_css":"","site-sidebar-layout":"no-sidebar","site-content-layout":"plain-container","ast-global-header-display":"","ast-main-header-display":"","ast-hfb-above-header-display":"","ast-hfb-below-header-display":"","ast-hfb-mobile-header-display":"","site-post-title":"disabled","ast-breadcrumbs-content":"","ast-featured-img":"disabled","footer-sml-layout":"","theme-transparent-header-meta":"enabled","adv-header-id-meta":"","stick-header-meta":"","header-above-stick-meta":"","header-main-stick-meta":"","header-below-stick-meta":"","footnotes":""},"class_list":["post-3612","page","type-page","status-publish","hentry"],"uagb_featured_image_src":{"full":false,"thumbnail":false,"medium":false,"medium_large":false,"large":false,"1536x1536":false,"2048x2048":false,"woocommerce_thumbnail":false,"woocommerce_single":false,"woocommerce_gallery_thumbnail":false},"uagb_author_info":{"display_name":"admin","author_link":"https:\/\/www.fiberupir.com\/upir\/author\/admin\/"},"uagb_comment_info":0,"uagb_excerpt":null,"_links":{"self":[{"href":"https:\/\/www.fiberupir.com\/upir\/wp-json\/wp\/v2\/pages\/3612","targetHints":{"allow":["GET"]}}],"collection":[{"href":"https:\/\/www.fiberupir.com\/upir\/wp-json\/wp\/v2\/pages"}],"about":[{"href":"https:\/\/www.fiberupir.com\/upir\/wp-json\/wp\/v2\/types\/page"}],"author":[{"embeddable":true,"href":"https:\/\/www.fiberupir.com\/upir\/wp-json\/wp\/v2\/users\/1"}],"replies":[{"embeddable":true,"href":"https:\/\/www.fiberupir.com\/upir\/wp-json\/wp\/v2\/comments?post=3612"}],"version-history":[{"count":29,"href":"https:\/\/www.fiberupir.com\/upir\/wp-json\/wp\/v2\/pages\/3612\/revisions"}],"predecessor-version":[{"id":4895,"href":"https:\/\/www.fiberupir.com\/upir\/wp-json\/wp\/v2\/pages\/3612\/revisions\/4895"}],"wp:attachment":[{"href":"https:\/\/www.fiberupir.com\/upir\/wp-json\/wp\/v2\/media?parent=3612"}],"curies":[{"name":"wp","href":"https:\/\/api.w.org\/{rel}","templated":true}]}}